{"id":406,"date":"2020-08-05T15:11:04","date_gmt":"2020-08-05T18:11:04","guid":{"rendered":"http:\/\/ruthvettoretti.com\/?page_id=406"},"modified":"2020-10-31T13:10:49","modified_gmt":"2020-10-31T16:10:49","slug":"sobre-mim","status":"publish","type":"page","link":"http:\/\/ruthvettoretti.com\/index.php\/sobre-mim\/","title":{"rendered":"Sobre mim"},"content":{"rendered":"\n<div class=\"wp-block-media-text alignwide is-stacked-on-mobile\"><figure class=\"wp-block-media-text__media\"><img loading=\"lazy\" width=\"768\" height=\"1024\" src=\"http:\/\/ruthvettoretti.com\/wp-content\/uploads\/2020\/08\/C594CCF1-589D-4D82-A1DD-FE910A9F0695-7852EB8E-631F-45EA-AE54-ABF9358C46B7-2-768x1024.jpg\" alt=\"\" class=\"wp-image-408\" srcset=\"http:\/\/ruthvettoretti.com\/wp-content\/uploads\/2020\/08\/C594CCF1-589D-4D82-A1DD-FE910A9F0695-7852EB8E-631F-45EA-AE54-ABF9358C46B7-2-768x1024.jpg 768w, http:\/\/ruthvettoretti.com\/wp-content\/uploads\/2020\/08\/C594CCF1-589D-4D82-A1DD-FE910A9F0695-7852EB8E-631F-45EA-AE54-ABF9358C46B7-2-225x300.jpg 225w, http:\/\/ruthvettoretti.com\/wp-content\/uploads\/2020\/08\/C594CCF1-589D-4D82-A1DD-FE910A9F0695-7852EB8E-631F-45EA-AE54-ABF9358C46B7-2-1152x1536.jpg 1152w, http:\/\/ruthvettoretti.com\/wp-content\/uploads\/2020\/08\/C594CCF1-589D-4D82-A1DD-FE910A9F0695-7852EB8E-631F-45EA-AE54-ABF9358C46B7-2-45x60.jpg 45w, http:\/\/ruthvettoretti.com\/wp-content\/uploads\/2020\/08\/C594CCF1-589D-4D82-A1DD-FE910A9F0695-7852EB8E-631F-45EA-AE54-ABF9358C46B7-2-600x800.jpg 600w, http:\/\/ruthvettoretti.com\/wp-content\/uploads\/2020\/08\/C594CCF1-589D-4D82-A1DD-FE910A9F0695-7852EB8E-631F-45EA-AE54-ABF9358C46B7-2.jpg 1400w\" sizes=\"(max-width: 768px) 100vw, 768px\" \/><\/figure><div class=\"wp-block-media-text__content\">\n<p class=\"has-text-align-center\" style=\"font-size:17px\">Me chamo Ruth, tenho 21 anos, italo-brasileira. Sou casada com o Lucas e moramos h\u00e1 2 anos em Turim no norte da Italia. Eu e o Lucas amamos viajar, e sempre nos inspiramos em uma frase de uma m\u00fasica que gostamos muito, que diz: &#8220;I want to be rich in memories not money&#8221; (em portugu\u00eas: eu quero ser rico em mem\u00f3rias e n\u00e3o dinheiro), essa frase realmente expressa aquilo que n\u00f3s temos buscado, que \u00e9 colecionar momentos.<\/p>\n<\/div><\/div>\n<p><a href=\"\/\/www.pinterest.com\/pin\/create\/button\/\" data-pin-do=\"buttonBookmark\" data-pin-color=\"red\" data-pin-height=\"128\"><img src=\"http:\/\/ruthvettoretti.com\/\/assets.pinterest.com\/images\/pidgets\/pinit_fg_en_rect_red_28.png\" \/><\/a><\/p>","protected":false},"excerpt":{"rendered":"<p>Me chamo Ruth, tenho 21 anos, italo-brasileira. Sou casada com o Lucas e moramos h\u00e1 2 anos em Turim no norte da Italia. Eu e o Lucas amamos viajar, e sempre nos inspiramos em uma frase de uma m\u00fasica que gostamos muito, que diz: &#8220;I want to be rich in memories not money&#8221; (em portugu\u00eas: &hellip; <\/p>\n","protected":false},"author":1,"featured_media":408,"parent":0,"menu_order":0,"comment_status":"closed","ping_status":"closed","template":"","meta":{"_mi_skip_tracking":false,"_monsterinsights_sitenote_active":false,"_monsterinsights_sitenote_note":"","_monsterinsights_sitenote_category":0},"_links":{"self":[{"href":"http:\/\/ruthvettoretti.com\/index.php\/wp-json\/wp\/v2\/pages\/406"}],"collection":[{"href":"http:\/\/ruthvettoretti.com\/index.php\/wp-json\/wp\/v2\/pages"}],"about":[{"href":"http:\/\/ruthvettoretti.com\/index.php\/wp-json\/wp\/v2\/types\/page"}],"author":[{"embeddable":true,"href":"http:\/\/ruthvettoretti.com\/index.php\/wp-json\/wp\/v2\/users\/1"}],"replies":[{"embeddable":true,"href":"http:\/\/ruthvettoretti.com\/index.php\/wp-json\/wp\/v2\/comments?post=406"}],"version-history":[{"count":7,"href":"http:\/\/ruthvettoretti.com\/index.php\/wp-json\/wp\/v2\/pages\/406\/revisions"}],"predecessor-version":[{"id":843,"href":"http:\/\/ruthvettoretti.com\/index.php\/wp-json\/wp\/v2\/pages\/406\/revisions\/843"}],"wp:featuredmedia":[{"embeddable":true,"href":"http:\/\/ruthvettoretti.com\/index.php\/wp-json\/wp\/v2\/media\/408"}],"wp:attachment":[{"href":"http:\/\/ruthvettoretti.com\/index.php\/wp-json\/wp\/v2\/media?parent=406"}],"curies":[{"name":"wp","href":"https:\/\/api.w.org\/{rel}","templated":true}]}}